{"id":23575,"date":"2026-03-26T14:46:37","date_gmt":"2026-03-26T14:46:37","guid":{"rendered":"https:\/\/araradtech.ch\/?page_id=23575"},"modified":"2026-03-27T08:24:32","modified_gmt":"2026-03-27T08:24:32","slug":"impressum","status":"publish","type":"page","link":"https:\/\/araradtech.ch\/fr\/impressum\/","title":{"rendered":"Mentions l\u00e9gales"},"content":{"rendered":"<div data-elementor-type=\"wp-page\" data-elementor-id=\"23575\" class=\"elementor elementor-23575\" data-elementor-post-type=\"page\">\n\t\t\t\t\t\t<section class=\"elementor-section elementor-top-section elementor-element elementor-element-d5fa16a elementor-section-full_width elementor-section-stretched page-title-section elementor-section-height-default elementor-section-height-default\" data-id=\"d5fa16a\" data-element_type=\"section\" data-e-type=\"section\" data-settings=\"{&quot;stretch_section&quot;:&quot;section-stretched&quot;,&quot;background_background&quot;:&quot;classic&quot;}\">\n\t\t\t\t\t\t\t<div class=\"elementor-background-overlay\"><\/div>\n\t\t\t\t\t\t\t<div class=\"elementor-container elementor-column-gap-extended\">\n\t\t\t\t\t<div class=\"elementor-column elementor-col-100 elementor-top-column elementor-element elementor-element-5e687f5\" data-id=\"5e687f5\" data-element_type=\"column\" data-e-type=\"column\">\n\t\t\t<div class=\"elementor-widget-wrap elementor-element-populated\">\n\t\t\t\t\t\t<section class=\"elementor-section elementor-inner-section elementor-element elementor-element-e46fa2d elementor-section-boxed elementor-section-height-default elementor-section-height-default\" data-id=\"e46fa2d\" data-element_type=\"section\" data-e-type=\"section\">\n\t\t\t\t\t\t<div class=\"elementor-container elementor-column-gap-no\">\n\t\t\t\t\t<div class=\"elementor-column elementor-col-100 elementor-inner-column elementor-element elementor-element-f435b29\" data-id=\"f435b29\" data-element_type=\"column\" data-e-type=\"column\">\n\t\t\t<div class=\"elementor-widget-wrap elementor-element-populated\">\n\t\t\t\t\t\t<div class=\"elementor-element elementor-element-0c57863 mb-0 elementor-widget elementor-widget-text-editor\" data-id=\"0c57863\" data-element_type=\"widget\" data-e-type=\"widget\" data-widget_type=\"text-editor.default\">\n\t\t\t\t<div class=\"elementor-widget-container\">\n\t\t\t\t\t\t\t\t\t<div class=\"position-relative\"><h1>Mentions l\u00e9gales<\/h1><\/div>\t\t\t\t\t\t\t\t<\/div>\n\t\t\t\t<\/div>\n\t\t\t\t<div class=\"elementor-element elementor-element-394ef18 mb-0 elementor-widget elementor-widget-text-editor\" data-id=\"394ef18\" data-element_type=\"widget\" data-e-type=\"widget\" data-widget_type=\"text-editor.default\">\n\t\t\t\t<div class=\"elementor-widget-container\">\n\t\t\t\t\t\t\t\t\t<ul><li><a href=\"https:\/\/araradtech.ch\/fr\/\">Accueil<\/a><\/li><li>Mentions l\u00e9gales<\/li><\/ul>\t\t\t\t\t\t\t\t<\/div>\n\t\t\t\t<\/div>\n\t\t\t\t\t<\/div>\n\t\t<\/div>\n\t\t\t\t\t<\/div>\n\t\t<\/section>\n\t\t\t\t\t<\/div>\n\t\t<\/div>\n\t\t\t\t\t<\/div>\n\t\t<\/section>\n\t\t\t\t<section class=\"elementor-section elementor-top-section elementor-element elementor-element-a8b1168 elementor-section-stretched elementor-section-boxed elementor-section-height-default elementor-section-height-default\" data-id=\"a8b1168\" data-element_type=\"section\" data-e-type=\"section\" data-settings=\"{&quot;stretch_section&quot;:&quot;section-stretched&quot;,&quot;background_background&quot;:&quot;classic&quot;}\">\n\t\t\t\t\t\t<div class=\"elementor-container elementor-column-gap-extended\">\n\t\t\t\t\t<div class=\"elementor-column elementor-col-100 elementor-top-column elementor-element elementor-element-6c8ebc0\" data-id=\"6c8ebc0\" data-element_type=\"column\" data-e-type=\"column\">\n\t\t\t<div class=\"elementor-widget-wrap elementor-element-populated\">\n\t\t\t\t\t\t<section class=\"elementor-section elementor-inner-section elementor-element elementor-element-42d8862 elementor-section-boxed elementor-section-height-default elementor-section-height-default\" data-id=\"42d8862\" data-element_type=\"section\" data-e-type=\"section\">\n\t\t\t\t\t\t<div class=\"elementor-container elementor-column-gap-no\">\n\t\t\t\t\t<div class=\"elementor-column elementor-col-100 elementor-inner-column elementor-element elementor-element-3ef11c8\" data-id=\"3ef11c8\" data-element_type=\"column\" data-e-type=\"column\">\n\t\t\t<div class=\"elementor-widget-wrap elementor-element-populated\">\n\t\t\t\t\t\t<div class=\"elementor-element elementor-element-2d4416b mb-0 elementor-widget elementor-widget-text-editor\" data-id=\"2d4416b\" data-element_type=\"widget\" data-e-type=\"widget\" data-widget_type=\"text-editor.default\">\n\t\t\t\t<div class=\"elementor-widget-container\">\n\t\t\t\t\t\t\t\t\t<p>Les mentions l\u00e9gales pour les services de Araradtech GmbH avec toutes les coordonn\u00e9es et les personnes de contact.<\/p><h2>Adresse de contact<\/h2><p>Araradtech GmbH<br \/>Rue de Rollmatt 2<\/p><p>3123 Belp<br \/>Suisse<\/p><p>Personnes autoris\u00e9es \u00e0 repr\u00e9senter l'association<br \/>Antranig Hossepian<\/p><p>Registre du commerce du canton de Berne<br \/>Num\u00e9ro : CHE-<\/p><p>Num\u00e9ro d'identification fiscale multiple<br \/>CHE- TVA<\/p><h2>Clause de non-responsabilit\u00e9<\/h2><p><br \/>L'auteur n'assume aucune responsabilit\u00e9 quant \u00e0 la v\u00e9racit\u00e9, l'exactitude, l'actualit\u00e9, la fiabilit\u00e9 et l'exhaustivit\u00e9 du contenu des informations.<\/p><p>L'auteur ne saurait \u00eatre tenu pour responsable des dommages mat\u00e9riels ou immat\u00e9riels qui pourraient \u00eatre caus\u00e9s par l'acc\u00e8s aux informations diffus\u00e9es ou par leur utilisation ou non-utilisation, par le mauvais usage de la connexion ou par des probl\u00e8mes techniques.<\/p><p>Toutes les offres sont sans engagement. L'auteur se r\u00e9serve express\u00e9ment le droit de modifier, de compl\u00e9ter ou de supprimer des parties de pages ou l'ensemble de l'offre sans avis pr\u00e9alable, ou d'en suspendre temporairement ou d\u00e9finitivement la publication.<\/p><p>Responsabilit\u00e9 pour les liens<br \/>Les renvois et liens vers des sites web de tiers ne rel\u00e8vent pas de notre responsabilit\u00e9. Nous d\u00e9clinons toute responsabilit\u00e9 pour de tels sites web. L'acc\u00e8s \u00e0 de tels sites et leur utilisation se font aux risques et p\u00e9rils de l'utilisateur ou de l'utilisatrice.<\/p><p>Droits d'auteur<br \/>Les droits d'auteur et tous les autres droits li\u00e9s aux contenus, images, photos ou autres fichiers pr\u00e9sents sur le site web appartiennent exclusivement \u00e0 la soci\u00e9t\u00e9 Araradtech GmbH ou aux titulaires de droits sp\u00e9cialement cit\u00e9s. L'autorisation \u00e9crite des d\u00e9tenteurs des droits d'auteur doit \u00eatre obtenue au pr\u00e9alable pour la reproduction de tout \u00e9l\u00e9ment.<\/p>\t\t\t\t\t\t\t\t<\/div>\n\t\t\t\t<\/div>\n\t\t\t\t\t<\/div>\n\t\t<\/div>\n\t\t\t\t\t<\/div>\n\t\t<\/section>\n\t\t\t\t\t<\/div>\n\t\t<\/div>\n\t\t\t\t\t<\/div>\n\t\t<\/section>\n\t\t\t\t<\/div>","protected":false},"excerpt":{"rendered":"<p>Impressum Home Impressum Das Impressum f\u00fcr Dienstleistungen der Araradtech GmbH mit allen Kontaktdaten und Ansprechpartnern. Kontaktadresse Araradtech GmbHRollmattstrasse 2 3123 BelpSchweiz Vertretungsberechtigte PersonenAntranig Hossepian Handelsregister des Kantons BernNummer: CHE- MehrwehrtsteuernummerCHE- MWST Haftungsausschluss Der Autor \u00fcbernimmt keinerlei Gew\u00e4hr hinsichtlich der inhaltlichen Richtigkeit, Genauigkeit, Aktualit\u00e4t, Zuverl\u00e4ssigkeit und Vollst\u00e4ndigkeit der Informationen. Haftungsanspr\u00fcche gegen den Autor wegen Sch\u00e4den materieller [&hellip;]<\/p>\n","protected":false},"author":3,"featured_media":0,"parent":0,"menu_order":0,"comment_status":"closed","ping_status":"closed","template":"page-templates\/home.php","meta":{"_acf_changed":false,"footnotes":""},"class_list":["post-23575","page","type-page","status-publish","hentry"],"acf":[],"_links":{"self":[{"href":"https:\/\/araradtech.ch\/fr\/wp-json\/wp\/v2\/pages\/23575","targetHints":{"allow":["GET"]}}],"collection":[{"href":"https:\/\/araradtech.ch\/fr\/wp-json\/wp\/v2\/pages"}],"about":[{"href":"https:\/\/araradtech.ch\/fr\/wp-json\/wp\/v2\/types\/page"}],"author":[{"embeddable":true,"href":"https:\/\/araradtech.ch\/fr\/wp-json\/wp\/v2\/users\/3"}],"replies":[{"embeddable":true,"href":"https:\/\/araradtech.ch\/fr\/wp-json\/wp\/v2\/comments?post=23575"}],"version-history":[{"count":16,"href":"https:\/\/araradtech.ch\/fr\/wp-json\/wp\/v2\/pages\/23575\/revisions"}],"predecessor-version":[{"id":23672,"href":"https:\/\/araradtech.ch\/fr\/wp-json\/wp\/v2\/pages\/23575\/revisions\/23672"}],"wp:attachment":[{"href":"https:\/\/araradtech.ch\/fr\/wp-json\/wp\/v2\/media?parent=23575"}],"curies":[{"name":"wp","href":"https:\/\/api.w.org\/{rel}","templated":true}]}}