{"id":4899,"date":"2021-10-11T10:44:22","date_gmt":"2021-10-11T10:44:22","guid":{"rendered":"https:\/\/yoddenwp.websitelayout.net\/?page_id=4899"},"modified":"2026-01-04T22:31:57","modified_gmt":"2026-01-04T22:31:57","slug":"about","status":"publish","type":"page","link":"https:\/\/araradtech.ch\/fr\/about\/","title":{"rendered":"\u00c0 propos de moi"},"content":{"rendered":"<div data-elementor-type=\"wp-page\" data-elementor-id=\"4899\" class=\"elementor elementor-4899\" data-elementor-post-type=\"page\">\n\t\t\t\t\t\t<section class=\"elementor-section elementor-top-section elementor-element elementor-element-dae61ae elementor-section-full_width elementor-section-stretched page-title-section elementor-section-height-default elementor-section-height-default\" data-id=\"dae61ae\" data-element_type=\"section\" data-e-type=\"section\" data-settings=\"{&quot;stretch_section&quot;:&quot;section-stretched&quot;,&quot;background_background&quot;:&quot;classic&quot;}\">\n\t\t\t\t\t\t\t<div class=\"elementor-background-overlay\"><\/div>\n\t\t\t\t\t\t\t<div class=\"elementor-container elementor-column-gap-extended\">\n\t\t\t\t\t<div class=\"elementor-column elementor-col-100 elementor-top-column elementor-element elementor-element-86c10a2\" data-id=\"86c10a2\" data-element_type=\"column\" data-e-type=\"column\">\n\t\t\t<div class=\"elementor-widget-wrap elementor-element-populated\">\n\t\t\t\t\t\t<section class=\"elementor-section elementor-inner-section elementor-element elementor-element-1a2c48e elementor-section-boxed elementor-section-height-default elementor-section-height-default\" data-id=\"1a2c48e\" data-element_type=\"section\" data-e-type=\"section\">\n\t\t\t\t\t\t<div class=\"elementor-container elementor-column-gap-no\">\n\t\t\t\t\t<div class=\"elementor-column elementor-col-100 elementor-inner-column elementor-element elementor-element-f2ead45\" data-id=\"f2ead45\" data-element_type=\"column\" data-e-type=\"column\">\n\t\t\t<div class=\"elementor-widget-wrap elementor-element-populated\">\n\t\t\t\t\t\t<div class=\"elementor-element elementor-element-288fe7e mb-0 elementor-widget elementor-widget-text-editor\" data-id=\"288fe7e\" data-element_type=\"widget\" data-e-type=\"widget\" data-widget_type=\"text-editor.default\">\n\t\t\t\t<div class=\"elementor-widget-container\">\n\t\t\t\t\t\t\t\t\t<div class=\"position-relative\"><h1>\u00c0 propos de moi<\/h1><\/div>\t\t\t\t\t\t\t\t<\/div>\n\t\t\t\t<\/div>\n\t\t\t\t<div class=\"elementor-element elementor-element-510f047 mb-0 elementor-widget elementor-widget-text-editor\" data-id=\"510f047\" data-element_type=\"widget\" data-e-type=\"widget\" data-widget_type=\"text-editor.default\">\n\t\t\t\t<div class=\"elementor-widget-container\">\n\t\t\t\t\t\t\t\t\t<ul><li><a href=\"https:\/\/araradtech.ch\/fr\/\">Page d'accueil<\/a><\/li><li>\u00c0 propos de moi<\/li><\/ul>\t\t\t\t\t\t\t\t<\/div>\n\t\t\t\t<\/div>\n\t\t\t\t\t<\/div>\n\t\t<\/div>\n\t\t\t\t\t<\/div>\n\t\t<\/section>\n\t\t\t\t\t<\/div>\n\t\t<\/div>\n\t\t\t\t\t<\/div>\n\t\t<\/section>\n\t\t\t\t<section class=\"elementor-section elementor-top-section elementor-element elementor-element-64269c2 elementor-section-stretched about-style-02 elementor-section-boxed elementor-section-height-default elementor-section-height-default\" data-id=\"64269c2\" data-element_type=\"section\" data-e-type=\"section\" data-settings=\"{&quot;stretch_section&quot;:&quot;section-stretched&quot;}\">\n\t\t\t\t\t\t<div class=\"elementor-container elementor-column-gap-extended\">\n\t\t\t\t\t<div class=\"elementor-column elementor-col-50 elementor-top-column elementor-element elementor-element-9b0aea7 about-style3 position-relative\" data-id=\"9b0aea7\" data-element_type=\"column\" data-e-type=\"column\">\n\t\t\t<div class=\"elementor-widget-wrap elementor-element-populated\">\n\t\t\t\t\t\t<section class=\"elementor-section elementor-inner-section elementor-element elementor-element-105e6d0 elementor-section-boxed elementor-section-height-default elementor-section-height-default\" data-id=\"105e6d0\" data-element_type=\"section\" data-e-type=\"section\">\n\t\t\t\t\t\t<div class=\"elementor-container elementor-column-gap-default\">\n\t\t\t\t\t<div class=\"elementor-column elementor-col-100 elementor-inner-column elementor-element elementor-element-33c9711\" data-id=\"33c9711\" data-element_type=\"column\" data-e-type=\"column\">\n\t\t\t<div class=\"elementor-widget-wrap elementor-element-populated\">\n\t\t\t\t\t\t<div class=\"elementor-element elementor-element-775f113 elementor-widget elementor-widget-image\" data-id=\"775f113\" data-element_type=\"widget\" data-e-type=\"widget\" data-widget_type=\"image.default\">\n\t\t\t\t<div class=\"elementor-widget-container\">\n\t\t\t\t\t\t\t\t\t\t\t\t\t\t\t<img decoding=\"async\" src=\"https:\/\/araradtech.ch\/wp-content\/uploads\/elementor\/thumbs\/Baron-1--scaled-rg8kksnt1jszyda25ydq6nng7tb0v6uriv0nrhjswk.png\" title=\"Baron 1\" alt=\"Baron 1\" loading=\"lazy\" \/>\t\t\t\t\t\t\t\t\t\t\t\t\t\t\t<\/div>\n\t\t\t\t<\/div>\n\t\t\t\t\t<\/div>\n\t\t<\/div>\n\t\t\t\t\t<\/div>\n\t\t<\/section>\n\t\t\t\t<section class=\"elementor-section elementor-inner-section elementor-element elementor-element-933bcfb elementor-section-boxed elementor-section-height-default elementor-section-height-default\" data-id=\"933bcfb\" data-element_type=\"section\" data-e-type=\"section\">\n\t\t\t\t\t\t<div class=\"elementor-container elementor-column-gap-default\">\n\t\t\t\t\t<div class=\"elementor-column elementor-col-100 elementor-inner-column elementor-element elementor-element-364830f\" data-id=\"364830f\" data-element_type=\"column\" data-e-type=\"column\">\n\t\t\t<div class=\"elementor-widget-wrap elementor-element-populated\">\n\t\t\t\t\t\t<div class=\"elementor-element elementor-element-5929c1f mb-0 elementor-widget elementor-widget-image\" data-id=\"5929c1f\" data-element_type=\"widget\" data-e-type=\"widget\" data-widget_type=\"image.default\">\n\t\t\t\t<div class=\"elementor-widget-container\">\n\t\t\t\t\t\t\t\t\t\t\t\t\t\t\t<img decoding=\"async\" src=\"https:\/\/araradtech.ch\/wp-content\/uploads\/2024\/10\/hand-scaled.jpg\" title=\"main\" alt=\"hand\" loading=\"lazy\" \/>\t\t\t\t\t\t\t\t\t\t\t\t\t\t\t<\/div>\n\t\t\t\t<\/div>\n\t\t\t\t<div class=\"elementor-element elementor-element-d021ed7 elementor-widget__width-auto elementor-absolute bg-white border-radius-10 elementor-hidden-mobile elementor-widget elementor-widget-image\" data-id=\"d021ed7\" data-element_type=\"widget\" data-e-type=\"widget\" data-settings=\"{&quot;_position&quot;:&quot;absolute&quot;}\" data-widget_type=\"image.default\">\n\t\t\t\t<div class=\"elementor-widget-container\">\n\t\t\t\t\t\t\t\t\t\t\t\t\t\t\t<img decoding=\"async\" src=\"https:\/\/araradtech.ch\/wp-content\/uploads\/2023\/09\/about-07.jpg\" title=\"about-07\" alt=\"about-07\" loading=\"lazy\" \/>\t\t\t\t\t\t\t\t\t\t\t\t\t\t\t<\/div>\n\t\t\t\t<\/div>\n\t\t\t\t<div class=\"elementor-element elementor-element-6f93dfc ani-left-right elementor-hidden-mobile elementor-widget elementor-widget-text-editor\" data-id=\"6f93dfc\" data-element_type=\"widget\" data-e-type=\"widget\" data-widget_type=\"text-editor.default\">\n\t\t\t\t<div class=\"elementor-widget-container\">\n\t\t\t\t\t\t\t\t\t<div class=\"bg-white border-primary-color border border-width-3 p-4 border-radius-10 about-quote d-none d-sm-block\"><p class=\"mb-0 text-secondary\">Un design web fort est la cl\u00e9 de votre succ\u00e8s num\u00e9rique. Ararad Technologie cr\u00e9e des sites web qui ont un aspect moderne, qui convainquent rapidement et qui ont un effet durable.<\/p><\/div>\t\t\t\t\t\t\t\t<\/div>\n\t\t\t\t<\/div>\n\t\t\t\t<div class=\"elementor-element elementor-element-c2fa56f elementor-widget__width-auto elementor-absolute elementor-hidden-mobile elementor-widget elementor-widget-image\" data-id=\"c2fa56f\" data-element_type=\"widget\" data-e-type=\"widget\" data-settings=\"{&quot;_position&quot;:&quot;absolute&quot;}\" data-widget_type=\"image.default\">\n\t\t\t\t<div class=\"elementor-widget-container\">\n\t\t\t\t\t\t\t\t\t\t\t\t\t\t\t<img decoding=\"async\" src=\"https:\/\/araradtech.ch\/wp-content\/uploads\/2023\/09\/about-08.jpg\" title=\"about-08\" alt=\"about-08\" loading=\"lazy\" \/>\t\t\t\t\t\t\t\t\t\t\t\t\t\t\t<\/div>\n\t\t\t\t<\/div>\n\t\t\t\t\t<\/div>\n\t\t<\/div>\n\t\t\t\t\t<\/div>\n\t\t<\/section>\n\t\t\t\t\t<\/div>\n\t\t<\/div>\n\t\t\t\t<div class=\"elementor-column elementor-col-50 elementor-top-column elementor-element elementor-element-1fc0417\" data-id=\"1fc0417\" data-element_type=\"column\" data-e-type=\"column\">\n\t\t\t<div class=\"elementor-widget-wrap elementor-element-populated\">\n\t\t\t\t\t\t<div class=\"elementor-element elementor-element-1caea5e mb-0 elementor-widget elementor-widget-text-editor\" data-id=\"1caea5e\" data-element_type=\"widget\" data-e-type=\"widget\" data-widget_type=\"text-editor.default\">\n\t\t\t\t<div class=\"elementor-widget-container\">\n\t\t\t\t\t\t\t\t\t<div class=\"section-title mb-1-9\"><p><span class=\"sm-title\">\u00c0 propos de moi<\/span><\/p><h2 class=\"mb-3 h1\">\u00c0 propos de moi<\/h2><\/div>\t\t\t\t\t\t\t\t<\/div>\n\t\t\t\t<\/div>\n\t\t\t\t<div class=\"elementor-element elementor-element-ac5ad36 elementor-widget-tablet_extra__width-initial elementor-widget elementor-widget-heading\" data-id=\"ac5ad36\" data-element_type=\"widget\" data-e-type=\"widget\" data-widget_type=\"heading.default\">\n\t\t\t\t<div class=\"elementor-widget-container\">\n\t\t\t\t\t<p class=\"elementor-heading-title elementor-size-default\">Je m'appelle Antranig Anto Hossepian, CEO et fondateur de Ararad Tech GmbH. Avec une formation en informatique et en \u00e9conomie, je d\u00e9veloppe des solutions num\u00e9riques innovantes qui r\u00e9pondent aux besoins des utilisateurs et permettent d'obtenir des r\u00e9sultats mesurables.\n\nParall\u00e8lement \u00e0 mon activit\u00e9 chez Ararad Tech, je travaille dans le domaine de l'informatique au centre de conseil juridique bernois pour les personnes en d\u00e9tresse. Cette double fonction me permet de combiner exp\u00e9rience technologique pratique et cr\u00e9ativit\u00e9 entrepreneuriale - pour aider les personnes et les entreprises \u00e0 r\u00e9aliser des sites web et des applications mobiles professionnels.\n\nEn dehors de la technique, je trouve un \u00e9quilibre dans la nature - en faisant de la randonn\u00e9e, du jogging, de la lecture et de la photographie.\n\nJe me r\u00e9jouis d'entrer en contact avec vous et de donner vie ensemble \u00e0 de nouvelles id\u00e9es num\u00e9riques.<\/p>\t\t\t\t<\/div>\n\t\t\t\t<\/div>\n\t\t\t\t<div class=\"elementor-element elementor-element-5fa7e97 elementor-widget elementor-widget-heading\" data-id=\"5fa7e97\" data-element_type=\"widget\" data-e-type=\"widget\" data-widget_type=\"heading.default\">\n\t\t\t\t<div class=\"elementor-widget-container\">\n\t\t\t\t\t<h2 class=\"elementor-heading-title elementor-size-default\">Ararad Tech.<\/h2>\t\t\t\t<\/div>\n\t\t\t\t<\/div>\n\t\t\t\t<div class=\"elementor-element elementor-element-6d742f0 elementor-widget elementor-widget-heading\" data-id=\"6d742f0\" data-element_type=\"widget\" data-e-type=\"widget\" data-widget_type=\"heading.default\">\n\t\t\t\t<div class=\"elementor-widget-container\">\n\t\t\t\t\t<p class=\"elementor-heading-title elementor-size-default\">Je crois que la technologie est plus qu'un simple code - elle connecte les gens et rend la vie plus facile. Avec passion et pr\u00e9cision, je d\u00e9veloppe des solutions num\u00e9riques qui inspirent, fonctionnent et font une r\u00e9elle diff\u00e9rence.<\/p>\t\t\t\t<\/div>\n\t\t\t\t<\/div>\n\t\t\t\t<div class=\"elementor-element elementor-element-28d53d8 elementor-widget elementor-widget-button\" data-id=\"28d53d8\" data-element_type=\"widget\" data-e-type=\"widget\" data-widget_type=\"button.default\">\n\t\t\t\t<div class=\"elementor-widget-container\">\n\t\t\t\t\t\t\t\t\t<div class=\"elementor-button-wrapper\">\n\t\t\t\t\t<a class=\"elementor-button elementor-button-link elementor-size-sm\" href=\"https:\/\/araradtech.ch\/fr\/contact\/\">\n\t\t\t\t\t\t<span class=\"elementor-button-content-wrapper\">\n\t\t\t\t\t\t\t\t\t<span class=\"elementor-button-text\">CONTACT<\/span>\n\t\t\t\t\t<\/span>\n\t\t\t\t\t<\/a>\n\t\t\t\t<\/div>\n\t\t\t\t\t\t\t\t<\/div>\n\t\t\t\t<\/div>\n\t\t\t\t\t<\/div>\n\t\t<\/div>\n\t\t\t\t\t<\/div>\n\t\t<\/section>\n\t\t\t\t<section class=\"elementor-section elementor-top-section elementor-element elementor-element-98efe0d elementor-section-full_width elementor-section-stretched elementor-section-height-default elementor-section-height-default\" data-id=\"98efe0d\" data-element_type=\"section\" data-e-type=\"section\" data-settings=\"{&quot;stretch_section&quot;:&quot;section-stretched&quot;,&quot;background_background&quot;:&quot;classic&quot;}\">\n\t\t\t\t\t\t\t<div class=\"elementor-background-overlay\"><\/div>\n\t\t\t\t\t\t\t<div class=\"elementor-container elementor-column-gap-no\">\n\t\t\t\t\t<div class=\"elementor-column elementor-col-100 elementor-top-column elementor-element elementor-element-50c70f3 position-relative\" data-id=\"50c70f3\" data-element_type=\"column\" data-e-type=\"column\">\n\t\t\t<div class=\"elementor-widget-wrap elementor-element-populated\">\n\t\t\t\t\t\t<section class=\"elementor-section elementor-inner-section elementor-element elementor-element-a51f8af elementor-section-content-middle elementor-section-boxed elementor-section-height-default elementor-section-height-default\" data-id=\"a51f8af\" data-element_type=\"section\" data-e-type=\"section\">\n\t\t\t\t\t\t<div class=\"elementor-container elementor-column-gap-extended\">\n\t\t\t\t\t<div class=\"elementor-column elementor-col-50 elementor-inner-column elementor-element elementor-element-baeac01\" data-id=\"baeac01\" data-element_type=\"column\" data-e-type=\"column\">\n\t\t\t<div class=\"elementor-widget-wrap elementor-element-populated\">\n\t\t\t\t\t\t<div class=\"elementor-element elementor-element-ea1159e elementor-widget elementor-widget-text-editor\" data-id=\"ea1159e\" data-element_type=\"widget\" data-e-type=\"widget\" data-widget_type=\"text-editor.default\">\n\t\t\t\t<div class=\"elementor-widget-container\">\n\t\t\t\t\t\t\t\t\t<div class=\"story-video\"><div class=\"section-title mb-1-9\"><p><span class=\"sm-title\">Pourquoi nous choisir<\/span><\/p><h2 class=\"mb-0 h1 text-white\">Des solutions informatiques innovantes qui vous font avancer.<\/h2><\/div><p><a class=\"btn-style1 white-hover\" href=\"https:\/\/araradtech.ch\/fr\/contact\/\">Devis gratuit<\/a><\/p><\/div>\t\t\t\t\t\t\t\t<\/div>\n\t\t\t\t<\/div>\n\t\t\t\t\t<\/div>\n\t\t<\/div>\n\t\t\t\t<div class=\"elementor-column elementor-col-50 elementor-inner-column elementor-element elementor-element-382985a\" data-id=\"382985a\" data-element_type=\"column\" data-e-type=\"column\">\n\t\t\t<div class=\"elementor-widget-wrap elementor-element-populated\">\n\t\t\t\t\t\t<div class=\"elementor-element elementor-element-e70e38c elementor-align-left elementor-widget elementor-widget-wl-features-box-v2\" data-id=\"e70e38c\" data-element_type=\"widget\" data-e-type=\"widget\" data-widget_type=\"wl-features-box-v2.default\">\n\t\t\t\t<div class=\"elementor-widget-container\">\n\t\t\t\t\t\r\n        <ul class=\"why-us-block\">\r\n\r\n        \t\r\n\t            <li class=\"inner-block Add Your Custom Color\">\r\n\t                <div class=\"content\">\r\n\t                \t\t                    \t<img decoding=\"async\" src=\"https:\/\/araradtech.ch\/wp-content\/uploads\/2023\/09\/09.png\" class=\"mb-3\" alt=\"Feature Image\">\r\n\t                    \r\n\t                    \t                    \t<h4>D\u00e9veloppement web\n<\/h4>\r\n\t                    \t                <\/div>\r\n\t            <\/li>\r\n\r\n            \r\n\t            <li class=\"inner-block color2\">\r\n\t                <div class=\"content\">\r\n\t                \t\t                    \t<img decoding=\"async\" src=\"https:\/\/araradtech.ch\/wp-content\/uploads\/2023\/09\/10.png\" class=\"mb-3\" alt=\"Feature Image\">\r\n\t                    \r\n\t                    \t                    \t<h4>Solutions de commerce \u00e9lectronique\n<\/h4>\r\n\t                    \t                <\/div>\r\n\t            <\/li>\r\n\r\n            \r\n\t            <li class=\"inner-block color2\">\r\n\t                <div class=\"content\">\r\n\t                \t\t                    \t<img decoding=\"async\" src=\"https:\/\/araradtech.ch\/wp-content\/uploads\/2023\/09\/11.png\" class=\"mb-3\" alt=\"Feature Image\">\r\n\t                    \r\n\t                    \t                    \t<h4>D\u00e9veloppement d'applications\n<\/h4>\r\n\t                    \t                <\/div>\r\n\t            <\/li>\r\n\r\n            \r\n\t            <li class=\"inner-block\">\r\n\t                <div class=\"content\">\r\n\t                \t\t                    \t<img decoding=\"async\" src=\"https:\/\/araradtech.ch\/wp-content\/uploads\/2023\/09\/12.png\" class=\"mb-3\" alt=\"Feature Image\">\r\n\t                    \r\n\t                    \t                    \t<h4>Marketing web<\/h4>\r\n\t                    \t                <\/div>\r\n\t            <\/li>\r\n\r\n            \r\n\t            <li class=\"inner-block\">\r\n\t                <div class=\"content\">\r\n\t                \t\t                    \t<img decoding=\"async\" src=\"https:\/\/araradtech.ch\/wp-content\/uploads\/2023\/09\/01-1.png\" class=\"mb-3\" alt=\"Feature Image\">\r\n\t                    \r\n\t                    \t                    \t<h4>Design &amp; Logos\n<\/h4>\r\n\t                    \t                <\/div>\r\n\t            <\/li>\r\n\r\n            \r\n\t            <li class=\"inner-block color2\">\r\n\t                <div class=\"content\">\r\n\t                \t\t                    \t<img decoding=\"async\" src=\"https:\/\/araradtech.ch\/wp-content\/uploads\/2023\/09\/02-1.png\" class=\"mb-3\" alt=\"Feature Image\">\r\n\t                    \r\n\t                    \t                    \t<h4>Assistance et conseil\n<\/h4>\r\n\t                    \t                <\/div>\r\n\t            <\/li>\r\n\r\n            \r\n        <\/ul>    \r\n\r\n\t\t\t\t\t<\/div>\n\t\t\t\t<\/div>\n\t\t\t\t\t<\/div>\n\t\t<\/div>\n\t\t\t\t\t<\/div>\n\t\t<\/section>\n\t\t\t\t\t<\/div>\n\t\t<\/div>\n\t\t\t\t\t<\/div>\n\t\t<\/section>\n\t\t\t\t<section class=\"elementor-section elementor-top-section elementor-element elementor-element-2da64df elementor-section-full_width elementor-section-stretched elementor-section-height-default elementor-section-height-default\" data-id=\"2da64df\" data-element_type=\"section\" data-e-type=\"section\" data-settings=\"{&quot;stretch_section&quot;:&quot;section-stretched&quot;}\">\n\t\t\t\t\t\t<div class=\"elementor-container elementor-column-gap-no\">\n\t\t\t\t\t<div class=\"elementor-column elementor-col-100 elementor-top-column elementor-element elementor-element-f755be7\" data-id=\"f755be7\" data-element_type=\"column\" data-e-type=\"column\">\n\t\t\t<div class=\"elementor-widget-wrap elementor-element-populated\">\n\t\t\t\t\t\t<section class=\"elementor-section elementor-inner-section elementor-element elementor-element-c40a3c3 elementor-section-boxed elementor-section-height-default elementor-section-height-default\" data-id=\"c40a3c3\" data-element_type=\"section\" data-e-type=\"section\">\n\t\t\t\t\t\t<div class=\"elementor-container elementor-column-gap-extended\">\n\t\t\t\t\t<div class=\"elementor-column elementor-col-100 elementor-inner-column elementor-element elementor-element-055afa6\" data-id=\"055afa6\" data-element_type=\"column\" data-e-type=\"column\">\n\t\t\t<div class=\"elementor-widget-wrap elementor-element-populated\">\n\t\t\t\t\t\t<div class=\"elementor-element elementor-element-a03fc4c mb-0 elementor-invisible elementor-widget elementor-widget-text-editor\" data-id=\"a03fc4c\" data-element_type=\"widget\" data-e-type=\"widget\" data-settings=\"{&quot;_animation&quot;:&quot;fadeIn&quot;,&quot;_animation_delay&quot;:200}\" data-widget_type=\"text-editor.default\">\n\t\t\t\t<div class=\"elementor-widget-container\">\n\t\t\t\t\t\t\t\t\t<div class=\"section-title mb-1-9 mb-md-6 text-center\">\n                    <span class=\"sm-title\">Processus de travail<\/span>\n                    <h2 class=\"mb-0 h1\">Notre processus de travail<\/h2>\n                <\/div>\t\t\t\t\t\t\t\t<\/div>\n\t\t\t\t<\/div>\n\t\t\t\t<div class=\"elementor-element elementor-element-bc731a3 elementor-align-left elementor-widget elementor-widget-wl-process-v1\" data-id=\"bc731a3\" data-element_type=\"widget\" data-e-type=\"widget\" data-widget_type=\"wl-process-v1.default\">\n\t\t\t\t<div class=\"elementor-widget-container\">\n\t\t\t\t\t\r\n        <div class=\"main-process text-center\">\r\n            <div class=\"line-shape wow fadeIn\" data-wow-delay=\"200ms\">\r\n            \t                \t<img decoding=\"async\" src=\"https:\/\/araradtech.ch\/wp-content\/uploads\/2023\/09\/process-line.png\" alt=\"Process Line\">\r\n                            <\/div>\r\n\r\n            <div class=\"row mt-n6\">\r\n\r\n            \t\r\n\t                <div class=\"process-style-01 col-lg-4 col-md-6 mt-6 wow fadeInUp\" data-wow-delay=\"200ms\">\r\n\t                    <div class=\"item\">\r\n\t                        <div class=\"thumb\">\r\n\t                        \t\t                            \t<img decoding=\"async\" src=\"https:\/\/araradtech.ch\/wp-content\/uploads\/2023\/09\/process-01.jpg\" alt=\"Process\">\r\n\t                            \r\n\t                            \t                            \t<span>01<\/span>\r\n\t                            \t                        <\/div>\r\n\r\n\t                        \t                        \t<h5>Strat\u00e9gie<\/h5>\t                        \r\n\t                        \t                        \t<p class=\"w-lg-80 mx-auto mb-0\">Nous analysons vos besoins commerciaux et d\u00e9veloppons une strat\u00e9gie sur mesure.<\/p>\t                        \t                    <\/div>\r\n\t                <\/div>\r\n\r\n                \r\n\t                <div class=\"process-style-01 col-lg-4 col-md-6 mt-6 wow fadeInUp\" data-wow-delay=\"400ms\">\r\n\t                    <div class=\"item\">\r\n\t                        <div class=\"thumb\">\r\n\t                        \t\t                            \t<img decoding=\"async\" src=\"https:\/\/araradtech.ch\/wp-content\/uploads\/2023\/09\/process-02.jpg\" alt=\"Process\">\r\n\t                            \r\n\t                            \t                            \t<span>02<\/span>\r\n\t                            \t                        <\/div>\r\n\r\n\t                        \t                        \t<h5>Design<\/h5>\t                        \r\n\t                        \t                        \t<p class=\"w-lg-80 mx-auto mb-0\">Nous concevons un design convivial et attrayant qui met en valeur votre marque.<\/p>\t                        \t                    <\/div>\r\n\t                <\/div>\r\n\r\n                \r\n\t                <div class=\"process-style-01 col-lg-4 col-md-6 mt-6 wow fadeInUp\" data-wow-delay=\"600ms\">\r\n\t                    <div class=\"item\">\r\n\t                        <div class=\"thumb\">\r\n\t                        \t\t                            \t<img decoding=\"async\" src=\"https:\/\/araradtech.ch\/wp-content\/uploads\/2023\/09\/process-03.jpg\" alt=\"Process\">\r\n\t                            \r\n\t                            \t                            \t<span>03<\/span>\r\n\t                            \t                        <\/div>\r\n\r\n\t                        \t                        \t<h5>D\u00e9veloppement<\/h5>\t                        \r\n\t                        \t                        \t<p class=\"w-lg-80 mx-auto mb-0\">Nous mettons en \u0153uvre techniquement la solution pr\u00e9vue et nous nous assurons qu'elle fonctionne sans probl\u00e8me.<\/p>\t                        \t                    <\/div>\r\n\t                <\/div>\r\n\r\n                \r\n            <\/div>\r\n\r\n        <\/div>\r\n           \r\n\t\t\t\t\t<\/div>\n\t\t\t\t<\/div>\n\t\t\t\t\t<\/div>\n\t\t<\/div>\n\t\t\t\t\t<\/div>\n\t\t<\/section>\n\t\t\t\t\t<\/div>\n\t\t<\/div>\n\t\t\t\t\t<\/div>\n\t\t<\/section>\n\t\t\t\t<\/div>","protected":false},"excerpt":{"rendered":"<p>\u00dcber mich Startseite \u00dcber mich Ein starkes Webdesign ist der Schl\u00fcssel zu Ihrem digitalen Erfolg. Ararad Technologie erschafft Websites, die modern aussehen, schnell \u00fcberzeugen und nachhaltig wirken. \u00dcber mich \u00dcber mich Mein Name ist Antranig Anto Hossepian, CEO und Gr\u00fcnder von Ararad Tech GmbH. Mit einem Hintergrund in Informatik und Wirtschaft entwickle ich innovative digitale [&hellip;]<\/p>\n","protected":false},"author":3,"featured_media":0,"parent":0,"menu_order":0,"comment_status":"closed","ping_status":"closed","template":"page-templates\/home.php","meta":{"_acf_changed":false,"footnotes":""},"class_list":["post-4899","page","type-page","status-publish","hentry"],"acf":[],"_links":{"self":[{"href":"https:\/\/araradtech.ch\/fr\/wp-json\/wp\/v2\/pages\/4899","targetHints":{"allow":["GET"]}}],"collection":[{"href":"https:\/\/araradtech.ch\/fr\/wp-json\/wp\/v2\/pages"}],"about":[{"href":"https:\/\/araradtech.ch\/fr\/wp-json\/wp\/v2\/types\/page"}],"author":[{"embeddable":true,"href":"https:\/\/araradtech.ch\/fr\/wp-json\/wp\/v2\/users\/3"}],"replies":[{"embeddable":true,"href":"https:\/\/araradtech.ch\/fr\/wp-json\/wp\/v2\/comments?post=4899"}],"version-history":[{"count":113,"href":"https:\/\/araradtech.ch\/fr\/wp-json\/wp\/v2\/pages\/4899\/revisions"}],"predecessor-version":[{"id":23564,"href":"https:\/\/araradtech.ch\/fr\/wp-json\/wp\/v2\/pages\/4899\/revisions\/23564"}],"wp:attachment":[{"href":"https:\/\/araradtech.ch\/fr\/wp-json\/wp\/v2\/media?parent=4899"}],"curies":[{"name":"wp","href":"https:\/\/api.w.org\/{rel}","templated":true}]}}